{"id":309,"date":"2013-11-22T21:26:19","date_gmt":"2013-11-22T21:26:19","guid":{"rendered":"http:\/\/www.adventure-sports.co.uk\/?page_id=309"},"modified":"2023-02-10T17:03:16","modified_gmt":"2023-02-10T17:03:16","slug":"prices","status":"publish","type":"page","link":"https:\/\/www.adventure-sports.co.uk\/fr\/prices\/","title":{"rendered":"Prix des vacances"},"content":{"rendered":"<h1>Prix des vacances<\/h1>\n<h2>R\u00e9servation et tarifs des vacances sports nautiques et activit\u00e9s en France<\/h2>\n<h3>Nos tarifs vacances<\/h3>\n\n<table id=\"tablepress-1\" class=\"tablepress tablepress-id-1\">\n<thead>\n<tr class=\"row-1\">\n\t<th class=\"column-1\">2022<\/th><th colspan=\"3\" class=\"column-2\">LES PRIX comprennent toutes les activit\u00e9s, les frais de scolarit\u00e9 et l'\u00e9quipement, <br \/>\nH\u00e9bergement (linge et nettoyage) et transport local (pas de transferts)<\/th>\n<\/tr>\n<\/thead>\n<tbody class=\"row-striping row-hover\">\n<tr class=\"row-2\">\n\t<td class=\"column-1\">Mois<\/td><td class=\"column-2\">7 nuits<br \/>\n5 jours actifs<\/td><td class=\"column-3\">5 nuits<br \/>\n4 jours actifs<\/td><td class=\"column-4\">Activit\u00e9 seulement<br \/>\n(5 jours)<\/td>\n<\/tr>\n<tr class=\"row-3\">\n\t<td class=\"column-1\">Avr Mai Juin Sept Oct<\/td><td class=\"column-2\">\u20ac800 \/ \u00a3691<\/td><td class=\"column-3\">\u20ac700 \/ \u00a3604<\/td><td class=\"column-4\">\u20ac550 \/ \u00a3475<\/td>\n<\/tr>\n<tr class=\"row-4\">\n\t<td class=\"column-1\">Juillet Ao\u00fbt<\/td><td class=\"column-2\">\u20ac900 \/ \u00a3777<\/td><td class=\"column-3\">N\/A<\/td><td class=\"column-4\">\u20ac550 \/ \u00a3475<\/td>\n<\/tr>\n<\/tbody>\n<\/table>\n<!-- #tablepress-1 from cache -->\n<p><a href=\"https:\/\/www.adventure-sports.co.uk\/fr\/week-long-adventure-sports-holiday\/\">R\u00e9server des vacances<\/a> | <a href=\"https:\/\/www.adventure-sports.co.uk\/fr\/watersport-activity-week-st-tropez\/\">Book Activity-week only<\/a><\/p>\n<p>Pour plus d'informations sur votre lieu de s\u00e9jour, visitez page d' <a href=\"http:\/\/www.adventure-sports.co.uk\/fr\/accommodation\/\">H\u00e9bergement<\/a> .<\/p>\n<h3>OPTION ACTIVIT\u00c9 UNIQUEMENT<\/h3>\n<p>You may already have or want to find your own accommodation and take part in activities on a daily basis. We are more than happy to book you in for your watersports activity day. It is a good idea to book well ahead as we do get fully booked in the summer months. Activity-only days can be easily booked online <a href=\"https:\/\/www.adventure-sports.co.uk\/fr\/watersport-activities\/\">here<\/a>.<\/p>\n<p>Pour plus d'informations sur le camping, consultez le <a href=\"http:\/\/www.campingfrance.com\/UK\/Find-your-campsite\/PROVENCE-ALPES-COTE-D-AZUR\/Var\/GRIMAUD\" target=\"_blank\" rel=\"noopener noreferrer\">Campsite Guide<\/a>. Le nouvellement poss\u00e9d\u00e9 et polyvalent <a href=\"http:\/\/en.nova-lodges.fr\/\" target=\"_blank\" rel=\"noopener noreferrer\">Nova&nbsp;Lodges<\/a>, est \u00e0 c\u00f4t\u00e9 de notre marina (distance de marche facile). le&nbsp;<a href=\"http:\/\/www.riviera-villages.com\/Les-Prairies-de-la-Mer\" target=\"_blank\" rel=\"noopener noreferrer\">Praries de la Mer<\/a>&nbsp;est le plus grand camping et n'est pas trop loin. Appeler ou envoyer un e-mail \u00e0 <a href=\"mailto:matt@adventure-sports.co.uk\">Matt<\/a> pour plus de d\u00e9tails, ou contactez le local&nbsp;<a href=\"http:\/\/www.golfe-saint-tropez-information.com\/en\" target=\"_blank\" rel=\"noopener noreferrer\">Tourist Office<\/a>. Cogolin et Gassin sont les villages les plus proches \u00e0 rechercher. Pour les h\u00f4tels, <a href=\"http:\/\/www.tripadvisor.co.uk\/Hotels-g187242-Saint_Tropez_French_Riviera_Cote_d_Azur_Provence-Hotels.html\" target=\"_blank\" rel=\"noopener noreferrer\">Trip Advisor<\/a> avoir une liste \u00e9norme avec des critiques, comme le font <a href=\"http:\/\/www.booking.com\/searchresults.html?src=index&amp;nflt=&amp;ss_raw=Cogolin&amp;error_url=http%3A%2F%2Fwww.booking.com%2Findex.en-gb.html%3Faid%3D356983%3Blabel%3Dgog235jc-city-XX-fr-gassin-unspec-gb-com-L%253Aen-O%253Aunk-B%253Aunk%3Bsid%3Dfba87a582b64661a20f11a0c0b6afb27%3Bdcid%3D1%3B&amp;aid=356983&amp;dcid=1&amp;label=gog235jc-city-XX-fr-gassin-unspec-gb-com-L%3Aen-O%3Aunk-B%3Aunk&amp;lang=en-gb&amp;sid=fba87a582b64661a20f11a0c0b6afb27&amp;si=ai%2Cco%2Cci%2Cre%2Cdi&amp;ss=Cogolin%2C+Provence-Alpes-C%C3%B4te+d%27Azur%2C+France&amp;checkin_monthday=7&amp;checkin_year_month=2014-6&amp;checkout_monthday=1&amp;checkout_year_month=2014-7&amp;idf=on&amp;interval_of_time=any&amp;sb_predefined_group_options_value=2&amp;no_rooms=1&amp;group_adults=2&amp;group_children=0&amp;dest_type=city&amp;dest_id=-1420925&amp;ac_pageview_id=16da782f53310095&amp;ac_position=0\" target=\"_blank\" rel=\"noopener noreferrer\">Booking.com<\/a>.&nbsp;<\/p>\n<h4>ARRIV\u00c9E \u2013 D\u00c9PART<\/h4>\n<p>Le samedi est le jour normal pour l'arriv\u00e9e et le d\u00e9part, bien qu'il y ait une certaine flexibilit\u00e9 en dehors des heures de pointe. Nous essaierons toujours de vous accueillir.<\/p>\n<h4>NOTE SUR L'ASSURANCE AVENTURE<\/h4>\n<p>Nous vous conseillons de souscrire une assurance voyage personnelle, y compris l'annulation de vol, les bagages et les accidents, etc.<\/p>\n<p><img fetchpriority=\"high\" decoding=\"async\" class=\"alignnone wp-image-1721 size-full\" src=\"http:\/\/adventure-sports.co.uk\/wp-content\/uploads\/2013\/11\/marina7201.jpg\" alt=\"Water Sports Holidays Marina\" width=\"720\" height=\"450\" srcset=\"https:\/\/www.adventure-sports.co.uk\/wp-content\/uploads\/2013\/11\/marina7201.jpg 720w, https:\/\/www.adventure-sports.co.uk\/wp-content\/uploads\/2013\/11\/marina7201-531x332.jpg 531w, https:\/\/www.adventure-sports.co.uk\/wp-content\/uploads\/2013\/11\/marina7201-600x375.jpg 600w, https:\/\/www.adventure-sports.co.uk\/wp-content\/uploads\/2013\/11\/marina7201-300x188.jpg 300w\" sizes=\"(max-width: 720px) 100vw, 720px\" \/><\/p>","protected":false},"excerpt":{"rendered":"<p>Holiday Prices Water sports and Activity Holidays France booking and holiday prices Our Holiday Prices Book Holiday | Book Activity-week only For more information on where you stay, visit our Accommodation page. ACTIVITY ONLY OPTION You may already have or want to find your own accommodation and take part in activities on a daily basis.<\/p>\n<div class=\"padding-top text-center\"><a href=\"https:\/\/www.adventure-sports.co.uk\/fr\/prices\/\" class=\"atbtn atbtn--medium atbtn--rounded atbtn--transparent\">Read more<i class=\"atbtn__icon atbtn__icon--right fa fa-long-arrow-right\"><\/i><\/a><\/div>","protected":false},"author":2,"featured_media":0,"parent":0,"menu_order":0,"comment_status":"closed","ping_status":"closed","template":"","meta":{"ngg_post_thumbnail":0,"_bos_mb_destination":[""],"footnotes":""},"class_list":["post-309","page","type-page","status-publish","hentry"],"yoast_head":"<!-- This site is optimized with the Yoast SEO plugin v27.5 - https:\/\/yoast.com\/product\/yoast-seo-wordpress\/ -->\n<title>Water sports activity holidays France | Holiday Prices<\/title>\n<meta name=\"description\" content=\"Booking and holiday prices. Water sports Activity Holiday France. Cost of our Adventure Sports Holidays Brochure and Booking Form download.\" \/>\n<meta name=\"robots\" content=\"index, follow, max-snippet:-1, max-image-preview:large, max-video-preview:-1\" \/>\n<link rel=\"canonical\" href=\"https:\/\/www.adventure-sports.co.uk\/fr\/prices\/\" \/>\n<meta property=\"og:locale\" content=\"fr_FR\" \/>\n<meta property=\"og:type\" content=\"article\" \/>\n<meta property=\"og:title\" content=\"Water sports activity holidays France | Holiday Prices\" \/>\n<meta property=\"og:description\" content=\"Booking and holiday prices. Water sports Activity Holiday France. Cost of our Adventure Sports Holidays Brochure and Booking Form download.\" \/>\n<meta property=\"og:url\" content=\"https:\/\/www.adventure-sports.co.uk\/fr\/prices\/\" \/>\n<meta property=\"og:site_name\" content=\"Adventure Sports St Tropez\" \/>\n<meta property=\"article:publisher\" content=\"https:\/\/www.facebook.com\/Adventure.Sports.St.Tropez\" \/>\n<meta property=\"article:modified_time\" content=\"2023-02-10T17:03:16+00:00\" \/>\n<meta property=\"og:image\" content=\"http:\/\/adventure-sports.co.uk\/wp-content\/uploads\/2013\/11\/marina7201.jpg\" \/>\n<meta name=\"twitter:card\" content=\"summary_large_image\" \/>\n<meta name=\"twitter:label1\" content=\"Dur\u00e9e de lecture estim\u00e9e\" \/>\n\t<meta name=\"twitter:data1\" content=\"2 minutes\" \/>\n<script type=\"application\/ld+json\" class=\"yoast-schema-graph\">{\"@context\":\"https:\\\/\\\/schema.org\",\"@graph\":[{\"@type\":\"WebPage\",\"@id\":\"https:\\\/\\\/www.adventure-sports.co.uk\\\/prices\\\/\",\"url\":\"https:\\\/\\\/www.adventure-sports.co.uk\\\/prices\\\/\",\"name\":\"Water sports activity holidays France | Holiday Prices\",\"isPartOf\":{\"@id\":\"https:\\\/\\\/www.adventure-sports.co.uk\\\/#website\"},\"primaryImageOfPage\":{\"@id\":\"https:\\\/\\\/www.adventure-sports.co.uk\\\/prices\\\/#primaryimage\"},\"image\":{\"@id\":\"https:\\\/\\\/www.adventure-sports.co.uk\\\/prices\\\/#primaryimage\"},\"thumbnailUrl\":\"http:\\\/\\\/adventure-sports.co.uk\\\/wp-content\\\/uploads\\\/2013\\\/11\\\/marina7201.jpg\",\"datePublished\":\"2013-11-22T21:26:19+00:00\",\"dateModified\":\"2023-02-10T17:03:16+00:00\",\"description\":\"Booking and holiday prices. Water sports Activity Holiday France. Cost of our Adventure Sports Holidays Brochure and Booking Form download.\",\"breadcrumb\":{\"@id\":\"https:\\\/\\\/www.adventure-sports.co.uk\\\/prices\\\/#breadcrumb\"},\"inLanguage\":\"fr-FR\",\"potentialAction\":[{\"@type\":\"ReadAction\",\"target\":[\"https:\\\/\\\/www.adventure-sports.co.uk\\\/prices\\\/\"]}]},{\"@type\":\"ImageObject\",\"inLanguage\":\"fr-FR\",\"@id\":\"https:\\\/\\\/www.adventure-sports.co.uk\\\/prices\\\/#primaryimage\",\"url\":\"http:\\\/\\\/adventure-sports.co.uk\\\/wp-content\\\/uploads\\\/2013\\\/11\\\/marina7201.jpg\",\"contentUrl\":\"http:\\\/\\\/adventure-sports.co.uk\\\/wp-content\\\/uploads\\\/2013\\\/11\\\/marina7201.jpg\"},{\"@type\":\"BreadcrumbList\",\"@id\":\"https:\\\/\\\/www.adventure-sports.co.uk\\\/prices\\\/#breadcrumb\",\"itemListElement\":[{\"@type\":\"ListItem\",\"position\":1,\"name\":\"Home\",\"item\":\"https:\\\/\\\/www.adventure-sports.co.uk\\\/\"},{\"@type\":\"ListItem\",\"position\":2,\"name\":\"Holiday Prices\"}]},{\"@type\":\"WebSite\",\"@id\":\"https:\\\/\\\/www.adventure-sports.co.uk\\\/#website\",\"url\":\"https:\\\/\\\/www.adventure-sports.co.uk\\\/\",\"name\":\"Adventure Sports St Tropez\",\"description\":\"St Tropez boat charters and water sports\",\"publisher\":{\"@id\":\"https:\\\/\\\/www.adventure-sports.co.uk\\\/#organization\"},\"potentialAction\":[{\"@type\":\"SearchAction\",\"target\":{\"@type\":\"EntryPoint\",\"urlTemplate\":\"https:\\\/\\\/www.adventure-sports.co.uk\\\/?s={search_term_string}\"},\"query-input\":{\"@type\":\"PropertyValueSpecification\",\"valueRequired\":true,\"valueName\":\"search_term_string\"}}],\"inLanguage\":\"fr-FR\"},{\"@type\":\"Organization\",\"@id\":\"https:\\\/\\\/www.adventure-sports.co.uk\\\/#organization\",\"name\":\"Adventure Sports St Tropez\",\"url\":\"https:\\\/\\\/www.adventure-sports.co.uk\\\/\",\"logo\":{\"@type\":\"ImageObject\",\"inLanguage\":\"fr-FR\",\"@id\":\"https:\\\/\\\/www.adventure-sports.co.uk\\\/#\\\/schema\\\/logo\\\/image\\\/\",\"url\":\"https:\\\/\\\/www.adventure-sports.co.uk\\\/wp-content\\\/uploads\\\/2018\\\/01\\\/asst-logo-SPORTS.png\",\"contentUrl\":\"https:\\\/\\\/www.adventure-sports.co.uk\\\/wp-content\\\/uploads\\\/2018\\\/01\\\/asst-logo-SPORTS.png\",\"width\":274,\"height\":80,\"caption\":\"Adventure Sports St Tropez\"},\"image\":{\"@id\":\"https:\\\/\\\/www.adventure-sports.co.uk\\\/#\\\/schema\\\/logo\\\/image\\\/\"},\"sameAs\":[\"https:\\\/\\\/www.facebook.com\\\/Adventure.Sports.St.Tropez\",\"https:\\\/\\\/www.instagram.com\\\/explore\\\/tags\\\/astfrance\\\/\",\"https:\\\/\\\/www.linkedin.com\\\/in\\\/mfdale\\\/\",\"https:\\\/\\\/www.tripadvisor.co.uk\\\/Attraction_Review-g562733-d1556875-Reviews-Adventure_Sports_Saint_Tropez-Cogolin_French_Riviera_Cote_d_Azur_Provence_Alpes_C.html\"]}]}<\/script>\n<!-- \/ Yoast SEO plugin. -->","yoast_head_json":{"title":"Water sports activity holidays France | Holiday Prices","description":"Booking and holiday prices. Water sports Activity Holiday France. Cost of our Adventure Sports Holidays Brochure and Booking Form download.","robots":{"index":"index","follow":"follow","max-snippet":"max-snippet:-1","max-image-preview":"max-image-preview:large","max-video-preview":"max-video-preview:-1"},"canonical":"https:\/\/www.adventure-sports.co.uk\/fr\/prices\/","og_locale":"fr_FR","og_type":"article","og_title":"Water sports activity holidays France | Holiday Prices","og_description":"Booking and holiday prices. Water sports Activity Holiday France. Cost of our Adventure Sports Holidays Brochure and Booking Form download.","og_url":"https:\/\/www.adventure-sports.co.uk\/fr\/prices\/","og_site_name":"Adventure Sports St Tropez","article_publisher":"https:\/\/www.facebook.com\/Adventure.Sports.St.Tropez","article_modified_time":"2023-02-10T17:03:16+00:00","og_image":[{"url":"http:\/\/adventure-sports.co.uk\/wp-content\/uploads\/2013\/11\/marina7201.jpg","type":"","width":"","height":""}],"twitter_card":"summary_large_image","twitter_misc":{"Dur\u00e9e de lecture estim\u00e9e":"2 minutes"},"schema":{"@context":"https:\/\/schema.org","@graph":[{"@type":"WebPage","@id":"https:\/\/www.adventure-sports.co.uk\/prices\/","url":"https:\/\/www.adventure-sports.co.uk\/prices\/","name":"Water sports activity holidays France | Holiday Prices","isPartOf":{"@id":"https:\/\/www.adventure-sports.co.uk\/#website"},"primaryImageOfPage":{"@id":"https:\/\/www.adventure-sports.co.uk\/prices\/#primaryimage"},"image":{"@id":"https:\/\/www.adventure-sports.co.uk\/prices\/#primaryimage"},"thumbnailUrl":"http:\/\/adventure-sports.co.uk\/wp-content\/uploads\/2013\/11\/marina7201.jpg","datePublished":"2013-11-22T21:26:19+00:00","dateModified":"2023-02-10T17:03:16+00:00","description":"Booking and holiday prices. Water sports Activity Holiday France. Cost of our Adventure Sports Holidays Brochure and Booking Form download.","breadcrumb":{"@id":"https:\/\/www.adventure-sports.co.uk\/prices\/#breadcrumb"},"inLanguage":"fr-FR","potentialAction":[{"@type":"ReadAction","target":["https:\/\/www.adventure-sports.co.uk\/prices\/"]}]},{"@type":"ImageObject","inLanguage":"fr-FR","@id":"https:\/\/www.adventure-sports.co.uk\/prices\/#primaryimage","url":"http:\/\/adventure-sports.co.uk\/wp-content\/uploads\/2013\/11\/marina7201.jpg","contentUrl":"http:\/\/adventure-sports.co.uk\/wp-content\/uploads\/2013\/11\/marina7201.jpg"},{"@type":"BreadcrumbList","@id":"https:\/\/www.adventure-sports.co.uk\/prices\/#breadcrumb","itemListElement":[{"@type":"ListItem","position":1,"name":"Home","item":"https:\/\/www.adventure-sports.co.uk\/"},{"@type":"ListItem","position":2,"name":"Holiday Prices"}]},{"@type":"WebSite","@id":"https:\/\/www.adventure-sports.co.uk\/#website","url":"https:\/\/www.adventure-sports.co.uk\/","name":"Adventure Sports St Tropez","description":"St Tropez boat charters and water sports","publisher":{"@id":"https:\/\/www.adventure-sports.co.uk\/#organization"},"potentialAction":[{"@type":"SearchAction","target":{"@type":"EntryPoint","urlTemplate":"https:\/\/www.adventure-sports.co.uk\/?s={search_term_string}"},"query-input":{"@type":"PropertyValueSpecification","valueRequired":true,"valueName":"search_term_string"}}],"inLanguage":"fr-FR"},{"@type":"Organization","@id":"https:\/\/www.adventure-sports.co.uk\/#organization","name":"Adventure Sports St Tropez","url":"https:\/\/www.adventure-sports.co.uk\/","logo":{"@type":"ImageObject","inLanguage":"fr-FR","@id":"https:\/\/www.adventure-sports.co.uk\/#\/schema\/logo\/image\/","url":"https:\/\/www.adventure-sports.co.uk\/wp-content\/uploads\/2018\/01\/asst-logo-SPORTS.png","contentUrl":"https:\/\/www.adventure-sports.co.uk\/wp-content\/uploads\/2018\/01\/asst-logo-SPORTS.png","width":274,"height":80,"caption":"Adventure Sports St Tropez"},"image":{"@id":"https:\/\/www.adventure-sports.co.uk\/#\/schema\/logo\/image\/"},"sameAs":["https:\/\/www.facebook.com\/Adventure.Sports.St.Tropez","https:\/\/www.instagram.com\/explore\/tags\/astfrance\/","https:\/\/www.linkedin.com\/in\/mfdale\/","https:\/\/www.tripadvisor.co.uk\/Attraction_Review-g562733-d1556875-Reviews-Adventure_Sports_Saint_Tropez-Cogolin_French_Riviera_Cote_d_Azur_Provence_Alpes_C.html"]}]}},"_links":{"self":[{"href":"https:\/\/www.adventure-sports.co.uk\/fr\/wp-json\/wp\/v2\/pages\/309","targetHints":{"allow":["GET"]}}],"collection":[{"href":"https:\/\/www.adventure-sports.co.uk\/fr\/wp-json\/wp\/v2\/pages"}],"about":[{"href":"https:\/\/www.adventure-sports.co.uk\/fr\/wp-json\/wp\/v2\/types\/page"}],"author":[{"embeddable":true,"href":"https:\/\/www.adventure-sports.co.uk\/fr\/wp-json\/wp\/v2\/users\/2"}],"replies":[{"embeddable":true,"href":"https:\/\/www.adventure-sports.co.uk\/fr\/wp-json\/wp\/v2\/comments?post=309"}],"version-history":[{"count":0,"href":"https:\/\/www.adventure-sports.co.uk\/fr\/wp-json\/wp\/v2\/pages\/309\/revisions"}],"wp:attachment":[{"href":"https:\/\/www.adventure-sports.co.uk\/fr\/wp-json\/wp\/v2\/media?parent=309"}],"curies":[{"name":"wp","href":"https:\/\/api.w.org\/{rel}","templated":true}]}}