{"id":3881,"date":"2019-06-14T17:22:49","date_gmt":"2019-06-14T17:22:49","guid":{"rendered":"https:\/\/www.adventure-sports.co.uk\/?page_id=3881"},"modified":"2022-08-14T14:40:32","modified_gmt":"2022-08-14T14:40:32","slug":"private-boat-charter-with-watersports-saint-tropez","status":"publish","type":"page","link":"https:\/\/www.adventure-sports.co.uk\/fr\/private-boat-charter-with-watersports-saint-tropez\/","title":{"rendered":"Location de bateaux priv\u00e9s et sports nautiques dans la baie de St Tropez"},"content":{"rendered":"<div data-elementor-type=\"wp-post\" data-elementor-id=\"3881\" class=\"elementor elementor-3881\">\n\t\t\t\t\t\t<section class=\"elementor-section elementor-top-section elementor-element elementor-element-6f6f7eb elementor-section-boxed elementor-section-height-default elementor-section-height-default\" data-id=\"6f6f7eb\" data-element_type=\"section\" data-e-type=\"section\">\n\t\t\t\t\t\t<div class=\"elementor-container elementor-column-gap-default\">\n\t\t\t\t\t<div class=\"elementor-column elementor-col-100 elementor-top-column elementor-element elementor-element-8a7560a\" data-id=\"8a7560a\" data-element_type=\"column\" data-e-type=\"column\">\n\t\t\t<div class=\"elementor-widget-wrap elementor-element-populated\">\n\t\t\t\t\t\t<section class=\"elementor-section elementor-inner-section elementor-element elementor-element-7c7ff4d elementor-section-boxed elementor-section-height-default elementor-section-height-default\" data-id=\"7c7ff4d\" data-element_type=\"section\" data-e-type=\"section\">\n\t\t\t\t\t\t<div class=\"elementor-container elementor-column-gap-default\">\n\t\t\t\t\t<div class=\"elementor-column elementor-col-66 elementor-inner-column elementor-element elementor-element-685beea\" data-id=\"685beea\" data-element_type=\"column\" data-e-type=\"column\">\n\t\t\t<div class=\"elementor-widget-wrap elementor-element-populated\">\n\t\t\t\t\t\t<div class=\"elementor-element elementor-element-464c9f0 elementor-widget elementor-widget-heading\" data-id=\"464c9f0\" data-element_type=\"widget\" data-e-type=\"widget\" data-widget_type=\"heading.default\">\n\t\t\t\t<div class=\"elementor-widget-container\">\n\t\t\t\t\t<h2 class=\"elementor-heading-title elementor-size-default\">Location de bateaux priv\u00e9s et wakeboard (ou ski nautique) dans la baie de St Tropez<\/h2>\t\t\t\t<\/div>\n\t\t\t\t<\/div>\n\t\t\t\t<div class=\"elementor-element elementor-element-41e7fc2 elementor-arrows-position-inside elementor-pagination-position-outside elementor-widget elementor-widget-image-carousel\" data-id=\"41e7fc2\" data-element_type=\"widget\" data-e-type=\"widget\" data-settings=\"{&quot;slides_to_show&quot;:&quot;1&quot;,&quot;autoplay&quot;:&quot;no&quot;,&quot;navigation&quot;:&quot;both&quot;,&quot;infinite&quot;:&quot;yes&quot;,&quot;effect&quot;:&quot;slide&quot;,&quot;speed&quot;:500}\" data-widget_type=\"image-carousel.default\">\n\t\t\t\t<div class=\"elementor-widget-container\">\n\t\t\t\t\t\t\t<div class=\"elementor-image-carousel-wrapper swiper\" role=\"region\" aria-roledescription=\"carousel\" aria-label=\"Image Carousel\" dir=\"ltr\">\n\t\t\t<div class=\"elementor-image-carousel swiper-wrapper\" aria-live=\"polite\">\n\t\t\t\t\t\t\t\t<div class=\"swiper-slide\" role=\"group\" aria-roledescription=\"slide\" aria-label=\"1 of 8\"><figure class=\"swiper-slide-inner\"><img decoding=\"async\" class=\"swiper-slide-image\" src=\"https:\/\/www.adventure-sports.co.uk\/wp-content\/uploads\/2019\/06\/2018-08-20-07.50.jpg\" alt=\"2018-08-20-07.50\" \/><\/figure><\/div><div class=\"swiper-slide\" role=\"group\" aria-roledescription=\"slide\" aria-label=\"2 of 8\"><figure class=\"swiper-slide-inner\"><img decoding=\"async\" class=\"swiper-slide-image\" src=\"https:\/\/www.adventure-sports.co.uk\/wp-content\/uploads\/2019\/06\/2018-08-19-20.04.jpg\" alt=\"2018-08-19-20.04\" \/><\/figure><\/div><div class=\"swiper-slide\" role=\"group\" aria-roledescription=\"slide\" aria-label=\"3 of 8\"><figure class=\"swiper-slide-inner\"><img decoding=\"async\" class=\"swiper-slide-image\" src=\"https:\/\/www.adventure-sports.co.uk\/wp-content\/uploads\/2019\/06\/2018-08-19-09.15.jpg\" alt=\"2018-08-19-09\" \/><\/figure><\/div><div class=\"swiper-slide\" role=\"group\" aria-roledescription=\"slide\" aria-label=\"4 of 8\"><figure class=\"swiper-slide-inner\"><img decoding=\"async\" class=\"swiper-slide-image\" src=\"https:\/\/www.adventure-sports.co.uk\/wp-content\/uploads\/2017\/12\/20507370_10159171656060302_1432968513556594941_o.jpg\" alt=\"20507370_10159171656060302_1432968513556594941_o\" \/><\/figure><\/div><div class=\"swiper-slide\" role=\"group\" aria-roledescription=\"slide\" aria-label=\"5 of 8\"><figure class=\"swiper-slide-inner\"><img decoding=\"async\" class=\"swiper-slide-image\" src=\"https:\/\/www.adventure-sports.co.uk\/wp-content\/uploads\/2017\/12\/19642781_10155578938124456_1020911183822089114_n.jpg\" alt=\"19642781_10155578938124456_1020911183822089114_n\" \/><\/figure><\/div><div class=\"swiper-slide\" role=\"group\" aria-roledescription=\"slide\" aria-label=\"6 of 8\"><figure class=\"swiper-slide-inner\"><img decoding=\"async\" class=\"swiper-slide-image\" src=\"https:\/\/www.adventure-sports.co.uk\/wp-content\/uploads\/2019\/06\/2018-08-19-18.13.jpg\" alt=\"2018-08-19-18\" \/><\/figure><\/div><div class=\"swiper-slide\" role=\"group\" aria-roledescription=\"slide\" aria-label=\"7 of 8\"><figure class=\"swiper-slide-inner\"><img decoding=\"async\" class=\"swiper-slide-image\" src=\"https:\/\/www.adventure-sports.co.uk\/wp-content\/uploads\/2019\/06\/WhatsApp-Image-2018-06-25-at-15.53.37.jpeg\" alt=\"WhatsApp Image 2018-06-25 at 15.53.37\" \/><\/figure><\/div><div class=\"swiper-slide\" role=\"group\" aria-roledescription=\"slide\" aria-label=\"8 of 8\"><figure class=\"swiper-slide-inner\"><img decoding=\"async\" class=\"swiper-slide-image\" src=\"https:\/\/www.adventure-sports.co.uk\/wp-content\/uploads\/2019\/06\/boat-range.png\" alt=\"boat-range\" \/><\/figure><\/div>\t\t\t<\/div>\n\t\t\t\t\t\t\t\t\t\t\t\t<div class=\"elementor-swiper-button elementor-swiper-button-prev\" role=\"button\" tabindex=\"0\">\n\t\t\t\t\t\t<i aria-hidden=\"true\" class=\"eicon-chevron-left\"><\/i>\t\t\t\t\t<\/div>\n\t\t\t\t\t<div class=\"elementor-swiper-button elementor-swiper-button-next\" role=\"button\" tabindex=\"0\">\n\t\t\t\t\t\t<i aria-hidden=\"true\" class=\"eicon-chevron-right\"><\/i>\t\t\t\t\t<\/div>\n\t\t\t\t\n\t\t\t\t\t\t\t\t\t<div class=\"swiper-pagination\"><\/div>\n\t\t\t\t\t\t\t\t\t<\/div>\n\t\t\t\t\t\t<\/div>\n\t\t\t\t<\/div>\n\t\t\t\t<div class=\"elementor-element elementor-element-148e57b elementor-widget elementor-widget-text-editor\" data-id=\"148e57b\" data-element_type=\"widget\" data-e-type=\"widget\" data-widget_type=\"text-editor.default\">\n\t\t\t\t<div class=\"elementor-widget-container\">\n\t\t\t\t\t\t\t\t\t<div><p>Enjoy a half day private boat charter featuring two to three hours of wakeboarding or waterskiing, in the Bay of Saint Tropez. The tour is fully tailored &#8211; you can choose where to go within the Bay of Saint Tropez, and how long we stay in each place. We can bring Stand Up Paddleboards and an inflatable donut (towable) for no extra charge.<\/p><p>Un itin\u00e9raire typique pourrait \u00eatre le suivant:<\/p><p><b>Sur la mer: <\/b>We&#8217;ll start with two to three hours of wakeboarding or waterskiing. We cater for all levels &#8211; from absolute beginners to the move advanced. All equipment and tuition is provided.<\/p><p><b>Arr\u00eat\u00e9 \u00e0:<\/b> Port Grimaud, Grimaud, C\u00f4te d\u2019Azur - C\u00f4te d\u2019Azur, Provence-Alpes-C\u00f4te d\u2019Azur<br \/>Visitez les canaux pittoresques de Port Grimuad, \u00e9galement connu sous le nom de \u00abPetite Venise de la France\u00bb et descendez pour explorer le village. Possibilit\u00e9 de s'arr\u00eater pour le d\u00e9jeuner ou une glace ou une bi\u00e8re!<br \/>Dur\u00e9e: 1 heure<\/p><p><b>Arr\u00eat\u00e9 \u00e0:<\/b> Port de Saint-Tropez, Saint-Tropez, C\u00f4te d\u2019Azur - C\u00f4te d\u2019Azur, Provence-Alpes-C\u00f4te d\u2019Azur<br \/>Stop off in Saint Tropez harbour, visit the shops, have a drink and check out on the amazing super yachts, super cars and super people \ud83d\ude42<br \/>Dur\u00e9e: 1 heure 30 minutes<\/p><p><b>Arr\u00eat\u00e9 \u00e0:<\/b> Plage des Canebiers, Saint-Tropez, C\u00f4te d\u2019Azur - C\u00f4te d\u2019Azur, Provence-Alpes-C\u00f4te d\u2019Azur<br \/>Visitez la baie de Canebiers, \u00e9galement connue sous le nom de \u00abBaie des millionnaires\u00bb. Amarrez-vous et profitez d'une baignade, de la plong\u00e9e avec tuba ou du paddleboard autour du bateau.<br \/>Dur\u00e9e: 2 heures<\/p><h3>Des d\u00e9tails<\/h3><div><div><ul><li>Duration: 6hrs (2-3hrs water sports, followed by 3-4hrs boat tour)<\/li><li>Niveau de condition physique requis: faible (faible - moyen pour ceux qui essaient des \u00e9l\u00e9ments de sports nautiques).<\/li><li>Apportez un maillot de bain si vous partez en mer!\u00a0<\/li><li>Apportez une serviette et de la cr\u00e8me solaire.<\/li><li>N'h\u00e9sitez pas \u00e0 apporter des collations \/ boissons \/ pique-nique pour le bateau. Nous avons une glaci\u00e8re \u00e0 bord.<\/li><\/ul><\/div><\/div><\/div><div><h3>Ce qui est inclu?<\/h3><div><ul><li>Surcharge d'essence<\/li><li>Frais de skipper<\/li><li>All watersports equipment, wakeboards, waterskiis, towable donut (inflatable), buoyancy aids, etc.<\/li><li>Tuba<\/li><li>Stand Up Paddleboards (SUP)<\/li><\/ul><div><h3>Qu'est-ce qui n'est pas inclus?<\/h3><\/div><div><ul><li>D\u00e9jeuner - Nous pouvons nous arr\u00eater quelque part pour le d\u00e9jeuner, ou vous pouvez apporter un pique-nique \u00e0 manger sur le bateau.<\/li><li>Drinks and Snacks &#8211; Please bring your own. We have a coolbox on board.<\/li><\/ul><\/div><div><h3>Point de d\u00e9part<\/h3><div>Nous viendrons vous chercher \u00e0 \u00abAccueil\u00bb sur le ponton (\u00e0 c\u00f4t\u00e9 de la Capitainerie) indiqu\u00e9 sur le plan ci-dessous. Il y a un grand parking bon march\u00e9 (et gratuit en dehors de juillet \/ ao\u00fbt) au parking de la plage juste \u00e0 c\u00f4t\u00e9 de l'avenue de la Plage.<\/div><\/div><\/div><\/div>\t\t\t\t\t\t\t\t<\/div>\n\t\t\t\t<\/div>\n\t\t\t\t<div class=\"elementor-element elementor-element-dff428c elementor-widget elementor-widget-google_maps\" data-id=\"dff428c\" data-element_type=\"widget\" data-e-type=\"widget\" data-widget_type=\"google_maps.default\">\n\t\t\t\t<div class=\"elementor-widget-container\">\n\t\t\t\t\t\t\t<div class=\"elementor-custom-embed\">\n\t\t\t<iframe loading=\"lazy\"\n\t\t\t\t\tsrc=\"https:\/\/maps.google.com\/maps?q=Capitainerie%20des%20marines%20de%20cogolin&#038;t=m&#038;z=15&#038;output=embed&#038;iwloc=near\"\n\t\t\t\t\ttitle=\"Capitainerie des marines de cogolin\"\n\t\t\t\t\taria-label=\"Capitainerie des marines de cogolin\"\n\t\t\t><\/iframe>\n\t\t<\/div>\n\t\t\t\t\t\t<\/div>\n\t\t\t\t<\/div>\n\t\t\t\t<div class=\"elementor-element elementor-element-f27345b elementor-widget elementor-widget-text-editor\" data-id=\"f27345b\" data-element_type=\"widget\" data-e-type=\"widget\" data-widget_type=\"text-editor.default\">\n\t\t\t\t<div class=\"elementor-widget-container\">\n\t\t\t\t\t\t\t\t\t<div><h3>Veuillez noter<\/h3><\/div><div><div style=\"max-height: none;\"><div><div><div><ul><li>La confirmation sera re\u00e7ue au moment de la r\u00e9servation<\/li><li>Non accessible aux fauteuils roulants<\/li><li>Proche des transports publics<\/li><li>Les nourrissons doivent s'asseoir sur les genoux<\/li><li>Le wakeboard et le ski nautique ne sont pas recommand\u00e9s pour les voyageurs souffrant de probl\u00e8mes de dos, les femmes enceintes, les voyageurs souffrant de probl\u00e8mes cardiaques ou d'autres probl\u00e8mes de sant\u00e9 graves.<\/li><li>Cette exp\u00e9rience n\u00e9cessite du beau temps. S'il est annul\u00e9 en raison du mauvais temps, une date diff\u00e9rente ou un remboursement complet vous sera propos\u00e9<\/li><li>Ceci est une visite \/ activit\u00e9 priv\u00e9e. Seul votre groupe participera<\/li><li>Vous pouvez pr\u00e9senter un bon papier ou \u00e9lectronique pour cette activit\u00e9.<\/li><\/ul><\/div><\/div><\/div><\/div><\/div><div><h3>Politique d'annulation<\/h3><div><ul><li>Nous facturerons des frais d'annulation de 100% si la r\u00e9servation est annul\u00e9e 48 heures ou moins avant l'\u00e9v\u00e9nement.<\/li><\/ul><\/div><\/div>\t\t\t\t\t\t\t\t<\/div>\n\t\t\t\t<\/div>\n\t\t\t\t\t<\/div>\n\t\t<\/div>\n\t\t\t\t<div class=\"elementor-column elementor-col-33 elementor-inner-column elementor-element elementor-element-6b3467a\" data-id=\"6b3467a\" data-element_type=\"column\" data-e-type=\"column\">\n\t\t\t<div class=\"elementor-widget-wrap elementor-element-populated\">\n\t\t\t\t\t\t<div class=\"elementor-element elementor-element-bd24e38 elementor-widget elementor-widget-html\" data-id=\"bd24e38\" data-element_type=\"widget\" data-e-type=\"widget\" data-widget_type=\"html.default\">\n\t\t\t\t<div class=\"elementor-widget-container\">\n\t\t\t\t\t<script src=\"https:\/\/fareharbor.com\/embeds\/script\/calendar\/adventure-sports\/items\/266224\/?fallback=simple&full-items=yes&flow=474447\"><\/script>\t\t\t\t<\/div>\n\t\t\t\t<\/div>\n\t\t\t\t\t<\/div>\n\t\t<\/div>\n\t\t\t\t\t<\/div>\n\t\t<\/section>\n\t\t\t\t\t<\/div>\n\t\t<\/div>\n\t\t\t\t\t<\/div>\n\t\t<\/section>\n\t\t\t\t<\/div>","protected":false},"excerpt":{"rendered":"<p>Private Boat Charter and Wakeboarding (or Waterskiing) in the Bay of St Tropez Previous Next Enjoy a half day private boat charter featuring two to three hours of wakeboarding or waterskiing, in the Bay of Saint Tropez. The tour is fully tailored &#8211; you can choose where to go within the Bay of Saint Tropez,<\/p>\n<div class=\"padding-top text-center\"><a href=\"https:\/\/www.adventure-sports.co.uk\/fr\/private-boat-charter-with-watersports-saint-tropez\/\" class=\"atbtn atbtn--medium atbtn--rounded atbtn--transparent\">Read more<i class=\"atbtn__icon atbtn__icon--right fa fa-long-arrow-right\"><\/i><\/a><\/div>","protected":false},"author":1,"featured_media":0,"parent":0,"menu_order":0,"comment_status":"closed","ping_status":"closed","template":"","meta":{"ngg_post_thumbnail":0,"_bos_mb_destination":[""],"footnotes":""},"class_list":["post-3881","page","type-page","status-publish","hentry"],"yoast_head":"<!-- This site is optimized with the Yoast SEO plugin v27.4 - https:\/\/yoast.com\/product\/yoast-seo-wordpress\/ -->\n<title>Private Boat Charter and Water sports in Bay of St Tropez - Adventure Sports St Tropez<\/title>\n<meta name=\"robots\" content=\"index, follow, max-snippet:-1, max-image-preview:large, max-video-preview:-1\" \/>\n<link rel=\"canonical\" href=\"https:\/\/www.adventure-sports.co.uk\/fr\/private-boat-charter-with-watersports-saint-tropez\/\" \/>\n<meta property=\"og:locale\" content=\"fr_FR\" \/>\n<meta property=\"og:type\" content=\"article\" \/>\n<meta property=\"og:title\" content=\"Private Boat Charter and Water sports in Bay of St Tropez - Adventure Sports St Tropez\" \/>\n<meta property=\"og:description\" content=\"Private Boat Charter and Wakeboarding (or Waterskiing) in the Bay of St Tropez Previous Next Enjoy a half day private boat charter featuring two to three hours of wakeboarding or waterskiing, in the Bay of Saint Tropez. The tour is fully tailored &#8211; you can choose where to go within the Bay of Saint Tropez,Read more\" \/>\n<meta property=\"og:url\" content=\"https:\/\/www.adventure-sports.co.uk\/fr\/private-boat-charter-with-watersports-saint-tropez\/\" \/>\n<meta property=\"og:site_name\" content=\"Adventure Sports St Tropez\" \/>\n<meta property=\"article:publisher\" content=\"https:\/\/www.facebook.com\/Adventure.Sports.St.Tropez\" \/>\n<meta property=\"article:modified_time\" content=\"2022-08-14T14:40:32+00:00\" \/>\n<meta property=\"og:image\" content=\"https:\/\/www.adventure-sports.co.uk\/wp-content\/uploads\/2019\/06\/2018-08-20-07.50.jpg\" \/>\n<meta name=\"twitter:card\" content=\"summary_large_image\" \/>\n<meta name=\"twitter:label1\" content=\"Dur\u00e9e de lecture estim\u00e9e\" \/>\n\t<meta name=\"twitter:data1\" content=\"5 minutes\" \/>\n<script type=\"application\/ld+json\" class=\"yoast-schema-graph\">{\"@context\":\"https:\\\/\\\/schema.org\",\"@graph\":[{\"@type\":\"WebPage\",\"@id\":\"https:\\\/\\\/www.adventure-sports.co.uk\\\/private-boat-charter-with-watersports-saint-tropez\\\/\",\"url\":\"https:\\\/\\\/www.adventure-sports.co.uk\\\/private-boat-charter-with-watersports-saint-tropez\\\/\",\"name\":\"Private Boat Charter and Water sports in Bay of St Tropez - Adventure Sports St Tropez\",\"isPartOf\":{\"@id\":\"https:\\\/\\\/www.adventure-sports.co.uk\\\/#website\"},\"primaryImageOfPage\":{\"@id\":\"https:\\\/\\\/www.adventure-sports.co.uk\\\/private-boat-charter-with-watersports-saint-tropez\\\/#primaryimage\"},\"image\":{\"@id\":\"https:\\\/\\\/www.adventure-sports.co.uk\\\/private-boat-charter-with-watersports-saint-tropez\\\/#primaryimage\"},\"thumbnailUrl\":\"https:\\\/\\\/www.adventure-sports.co.uk\\\/wp-content\\\/uploads\\\/2019\\\/06\\\/2018-08-20-07.50.jpg\",\"datePublished\":\"2019-06-14T17:22:49+00:00\",\"dateModified\":\"2022-08-14T14:40:32+00:00\",\"breadcrumb\":{\"@id\":\"https:\\\/\\\/www.adventure-sports.co.uk\\\/private-boat-charter-with-watersports-saint-tropez\\\/#breadcrumb\"},\"inLanguage\":\"fr-FR\",\"potentialAction\":[{\"@type\":\"ReadAction\",\"target\":[\"https:\\\/\\\/www.adventure-sports.co.uk\\\/private-boat-charter-with-watersports-saint-tropez\\\/\"]}]},{\"@type\":\"ImageObject\",\"inLanguage\":\"fr-FR\",\"@id\":\"https:\\\/\\\/www.adventure-sports.co.uk\\\/private-boat-charter-with-watersports-saint-tropez\\\/#primaryimage\",\"url\":\"https:\\\/\\\/www.adventure-sports.co.uk\\\/wp-content\\\/uploads\\\/2019\\\/06\\\/2018-08-20-07.50.jpg\",\"contentUrl\":\"https:\\\/\\\/www.adventure-sports.co.uk\\\/wp-content\\\/uploads\\\/2019\\\/06\\\/2018-08-20-07.50.jpg\"},{\"@type\":\"BreadcrumbList\",\"@id\":\"https:\\\/\\\/www.adventure-sports.co.uk\\\/private-boat-charter-with-watersports-saint-tropez\\\/#breadcrumb\",\"itemListElement\":[{\"@type\":\"ListItem\",\"position\":1,\"name\":\"Home\",\"item\":\"https:\\\/\\\/www.adventure-sports.co.uk\\\/\"},{\"@type\":\"ListItem\",\"position\":2,\"name\":\"Private Boat Charter and Water sports in Bay of St Tropez\"}]},{\"@type\":\"WebSite\",\"@id\":\"https:\\\/\\\/www.adventure-sports.co.uk\\\/#website\",\"url\":\"https:\\\/\\\/www.adventure-sports.co.uk\\\/\",\"name\":\"Adventure Sports St Tropez\",\"description\":\"St Tropez boat charters and water sports\",\"publisher\":{\"@id\":\"https:\\\/\\\/www.adventure-sports.co.uk\\\/#organization\"},\"potentialAction\":[{\"@type\":\"SearchAction\",\"target\":{\"@type\":\"EntryPoint\",\"urlTemplate\":\"https:\\\/\\\/www.adventure-sports.co.uk\\\/?s={search_term_string}\"},\"query-input\":{\"@type\":\"PropertyValueSpecification\",\"valueRequired\":true,\"valueName\":\"search_term_string\"}}],\"inLanguage\":\"fr-FR\"},{\"@type\":\"Organization\",\"@id\":\"https:\\\/\\\/www.adventure-sports.co.uk\\\/#organization\",\"name\":\"Adventure Sports St Tropez\",\"url\":\"https:\\\/\\\/www.adventure-sports.co.uk\\\/\",\"logo\":{\"@type\":\"ImageObject\",\"inLanguage\":\"fr-FR\",\"@id\":\"https:\\\/\\\/www.adventure-sports.co.uk\\\/#\\\/schema\\\/logo\\\/image\\\/\",\"url\":\"https:\\\/\\\/www.adventure-sports.co.uk\\\/wp-content\\\/uploads\\\/2018\\\/01\\\/asst-logo-SPORTS.png\",\"contentUrl\":\"https:\\\/\\\/www.adventure-sports.co.uk\\\/wp-content\\\/uploads\\\/2018\\\/01\\\/asst-logo-SPORTS.png\",\"width\":274,\"height\":80,\"caption\":\"Adventure Sports St Tropez\"},\"image\":{\"@id\":\"https:\\\/\\\/www.adventure-sports.co.uk\\\/#\\\/schema\\\/logo\\\/image\\\/\"},\"sameAs\":[\"https:\\\/\\\/www.facebook.com\\\/Adventure.Sports.St.Tropez\",\"https:\\\/\\\/www.instagram.com\\\/explore\\\/tags\\\/astfrance\\\/\",\"https:\\\/\\\/www.linkedin.com\\\/in\\\/mfdale\\\/\",\"https:\\\/\\\/www.tripadvisor.co.uk\\\/Attraction_Review-g562733-d1556875-Reviews-Adventure_Sports_Saint_Tropez-Cogolin_French_Riviera_Cote_d_Azur_Provence_Alpes_C.html\"]}]}<\/script>\n<!-- \/ Yoast SEO plugin. -->","yoast_head_json":{"title":"Private Boat Charter and Water sports in Bay of St Tropez - Adventure Sports St Tropez","robots":{"index":"index","follow":"follow","max-snippet":"max-snippet:-1","max-image-preview":"max-image-preview:large","max-video-preview":"max-video-preview:-1"},"canonical":"https:\/\/www.adventure-sports.co.uk\/fr\/private-boat-charter-with-watersports-saint-tropez\/","og_locale":"fr_FR","og_type":"article","og_title":"Private Boat Charter and Water sports in Bay of St Tropez - Adventure Sports St Tropez","og_description":"Private Boat Charter and Wakeboarding (or Waterskiing) in the Bay of St Tropez Previous Next Enjoy a half day private boat charter featuring two to three hours of wakeboarding or waterskiing, in the Bay of Saint Tropez. The tour is fully tailored &#8211; you can choose where to go within the Bay of Saint Tropez,Read more","og_url":"https:\/\/www.adventure-sports.co.uk\/fr\/private-boat-charter-with-watersports-saint-tropez\/","og_site_name":"Adventure Sports St Tropez","article_publisher":"https:\/\/www.facebook.com\/Adventure.Sports.St.Tropez","article_modified_time":"2022-08-14T14:40:32+00:00","og_image":[{"url":"https:\/\/www.adventure-sports.co.uk\/wp-content\/uploads\/2019\/06\/2018-08-20-07.50.jpg","type":"","width":"","height":""}],"twitter_card":"summary_large_image","twitter_misc":{"Dur\u00e9e de lecture estim\u00e9e":"5 minutes"},"schema":{"@context":"https:\/\/schema.org","@graph":[{"@type":"WebPage","@id":"https:\/\/www.adventure-sports.co.uk\/private-boat-charter-with-watersports-saint-tropez\/","url":"https:\/\/www.adventure-sports.co.uk\/private-boat-charter-with-watersports-saint-tropez\/","name":"Private Boat Charter and Water sports in Bay of St Tropez - Adventure Sports St Tropez","isPartOf":{"@id":"https:\/\/www.adventure-sports.co.uk\/#website"},"primaryImageOfPage":{"@id":"https:\/\/www.adventure-sports.co.uk\/private-boat-charter-with-watersports-saint-tropez\/#primaryimage"},"image":{"@id":"https:\/\/www.adventure-sports.co.uk\/private-boat-charter-with-watersports-saint-tropez\/#primaryimage"},"thumbnailUrl":"https:\/\/www.adventure-sports.co.uk\/wp-content\/uploads\/2019\/06\/2018-08-20-07.50.jpg","datePublished":"2019-06-14T17:22:49+00:00","dateModified":"2022-08-14T14:40:32+00:00","breadcrumb":{"@id":"https:\/\/www.adventure-sports.co.uk\/private-boat-charter-with-watersports-saint-tropez\/#breadcrumb"},"inLanguage":"fr-FR","potentialAction":[{"@type":"ReadAction","target":["https:\/\/www.adventure-sports.co.uk\/private-boat-charter-with-watersports-saint-tropez\/"]}]},{"@type":"ImageObject","inLanguage":"fr-FR","@id":"https:\/\/www.adventure-sports.co.uk\/private-boat-charter-with-watersports-saint-tropez\/#primaryimage","url":"https:\/\/www.adventure-sports.co.uk\/wp-content\/uploads\/2019\/06\/2018-08-20-07.50.jpg","contentUrl":"https:\/\/www.adventure-sports.co.uk\/wp-content\/uploads\/2019\/06\/2018-08-20-07.50.jpg"},{"@type":"BreadcrumbList","@id":"https:\/\/www.adventure-sports.co.uk\/private-boat-charter-with-watersports-saint-tropez\/#breadcrumb","itemListElement":[{"@type":"ListItem","position":1,"name":"Home","item":"https:\/\/www.adventure-sports.co.uk\/"},{"@type":"ListItem","position":2,"name":"Private Boat Charter and Water sports in Bay of St Tropez"}]},{"@type":"WebSite","@id":"https:\/\/www.adventure-sports.co.uk\/#website","url":"https:\/\/www.adventure-sports.co.uk\/","name":"Adventure Sports St Tropez","description":"St Tropez boat charters and water sports","publisher":{"@id":"https:\/\/www.adventure-sports.co.uk\/#organization"},"potentialAction":[{"@type":"SearchAction","target":{"@type":"EntryPoint","urlTemplate":"https:\/\/www.adventure-sports.co.uk\/?s={search_term_string}"},"query-input":{"@type":"PropertyValueSpecification","valueRequired":true,"valueName":"search_term_string"}}],"inLanguage":"fr-FR"},{"@type":"Organization","@id":"https:\/\/www.adventure-sports.co.uk\/#organization","name":"Adventure Sports St Tropez","url":"https:\/\/www.adventure-sports.co.uk\/","logo":{"@type":"ImageObject","inLanguage":"fr-FR","@id":"https:\/\/www.adventure-sports.co.uk\/#\/schema\/logo\/image\/","url":"https:\/\/www.adventure-sports.co.uk\/wp-content\/uploads\/2018\/01\/asst-logo-SPORTS.png","contentUrl":"https:\/\/www.adventure-sports.co.uk\/wp-content\/uploads\/2018\/01\/asst-logo-SPORTS.png","width":274,"height":80,"caption":"Adventure Sports St Tropez"},"image":{"@id":"https:\/\/www.adventure-sports.co.uk\/#\/schema\/logo\/image\/"},"sameAs":["https:\/\/www.facebook.com\/Adventure.Sports.St.Tropez","https:\/\/www.instagram.com\/explore\/tags\/astfrance\/","https:\/\/www.linkedin.com\/in\/mfdale\/","https:\/\/www.tripadvisor.co.uk\/Attraction_Review-g562733-d1556875-Reviews-Adventure_Sports_Saint_Tropez-Cogolin_French_Riviera_Cote_d_Azur_Provence_Alpes_C.html"]}]}},"_links":{"self":[{"href":"https:\/\/www.adventure-sports.co.uk\/fr\/wp-json\/wp\/v2\/pages\/3881","targetHints":{"allow":["GET"]}}],"collection":[{"href":"https:\/\/www.adventure-sports.co.uk\/fr\/wp-json\/wp\/v2\/pages"}],"about":[{"href":"https:\/\/www.adventure-sports.co.uk\/fr\/wp-json\/wp\/v2\/types\/page"}],"author":[{"embeddable":true,"href":"https:\/\/www.adventure-sports.co.uk\/fr\/wp-json\/wp\/v2\/users\/1"}],"replies":[{"embeddable":true,"href":"https:\/\/www.adventure-sports.co.uk\/fr\/wp-json\/wp\/v2\/comments?post=3881"}],"version-history":[{"count":0,"href":"https:\/\/www.adventure-sports.co.uk\/fr\/wp-json\/wp\/v2\/pages\/3881\/revisions"}],"wp:attachment":[{"href":"https:\/\/www.adventure-sports.co.uk\/fr\/wp-json\/wp\/v2\/media?parent=3881"}],"curies":[{"name":"wp","href":"https:\/\/api.w.org\/{rel}","templated":true}]}}